{"id":6700,"date":"2021-02-12T12:17:55","date_gmt":"2021-02-12T11:17:55","guid":{"rendered":"http:\/\/domainelaportedoree.com\/?page_id=6700"},"modified":"2026-01-20T12:56:40","modified_gmt":"2026-01-20T11:56:40","slug":"vin-et-fruits-de-la-vigne","status":"publish","type":"page","link":"https:\/\/domainelaportedoree.com\/index.php\/vin-et-fruits-de-la-vigne\/","title":{"rendered":"LES VIGNES"},"content":{"rendered":"\n<h4>Historiquement le Domaine La Porte Dor\u00e9e est associ\u00e9 \u00e0 la vigne<\/h4>\n\n\n\n<p style=\"line-height:1.4\">Nos vignes entourent notre chai et nos b\u00e2timents de production. Elles sont enti\u00e8rement conduites en agriculture biologique.<\/p>\n\n\n\n<p>Apr\u00e8s avoir produit du vin pendant des ann\u00e9es sur un domaine de 30 hectares, nous travaillons aujourd&#8217;hui les 1,6 hectares qui entourent nos b\u00e2timents et fabriquons des confitures \u00e0 partir du raisin. Le surplus de raisin est vendu. <\/p>\n\n\n\n<div class=\"wp-block-image\"><figure class=\"aligncenter size-large is-resized\"><img loading=\"lazy\" src=\"http:\/\/domainelaportedoree.com\/wp-content\/uploads\/2021\/07\/Tonneau-Vigne-Terrasse-768x1024.jpg\" alt=\"\" class=\"wp-image-7005\" width=\"645\" height=\"883\"\/><\/figure><\/div>\n\n\n\n<div class=\"wp-block-columns\">\n<div class=\"wp-block-column\">\n<div class=\"wp-block-columns\">\n<div class=\"wp-block-column\"><\/div>\n<\/div>\n<\/div>\n\n\n\n<div class=\"wp-block-column\"><\/div>\n<\/div>\n\n\n\n<p><\/p>\n","protected":false},"excerpt":{"rendered":"<p>Historiquement le Domaine La Porte Dor\u00e9e est associ\u00e9 \u00e0 la vigne Nos vignes entourent notre chai et nos b\u00e2timents de production. Elles sont enti\u00e8rement conduites en agriculture biologique. Apr\u00e8s avoir produit du vin pendant des ann\u00e9es sur un domaine de 30 hectares, nous travaillons aujourd&#8217;hui les 1,6 hectares qui entourent nos b\u00e2timents et fabriquons des &hellip; <\/p>\n<p class=\"link-more\"><a href=\"https:\/\/domainelaportedoree.com\/index.php\/vin-et-fruits-de-la-vigne\/\" class=\"more-link\">Continue reading<span class=\"screen-reader-text\"> &#8220;LES VIGNES&#8221;<\/span><\/a><\/p>\n","protected":false},"author":1,"featured_media":0,"parent":0,"menu_order":0,"comment_status":"closed","ping_status":"closed","template":"","meta":[],"_links":{"self":[{"href":"https:\/\/domainelaportedoree.com\/index.php\/wp-json\/wp\/v2\/pages\/6700"}],"collection":[{"href":"https:\/\/domainelaportedoree.com\/index.php\/wp-json\/wp\/v2\/pages"}],"about":[{"href":"https:\/\/domainelaportedoree.com\/index.php\/wp-json\/wp\/v2\/types\/page"}],"author":[{"embeddable":true,"href":"https:\/\/domainelaportedoree.com\/index.php\/wp-json\/wp\/v2\/users\/1"}],"replies":[{"embeddable":true,"href":"https:\/\/domainelaportedoree.com\/index.php\/wp-json\/wp\/v2\/comments?post=6700"}],"version-history":[{"count":42,"href":"https:\/\/domainelaportedoree.com\/index.php\/wp-json\/wp\/v2\/pages\/6700\/revisions"}],"predecessor-version":[{"id":7718,"href":"https:\/\/domainelaportedoree.com\/index.php\/wp-json\/wp\/v2\/pages\/6700\/revisions\/7718"}],"wp:attachment":[{"href":"https:\/\/domainelaportedoree.com\/index.php\/wp-json\/wp\/v2\/media?parent=6700"}],"curies":[{"name":"wp","href":"https:\/\/api.w.org\/{rel}","templated":true}]}}