{"id":6488,"date":"2020-11-04T18:51:14","date_gmt":"2020-11-04T17:51:14","guid":{"rendered":"http:\/\/domainelaportedoree.com\/?page_id=6488"},"modified":"2026-01-20T12:59:21","modified_gmt":"2026-01-20T11:59:21","slug":"nos-confitures","status":"publish","type":"page","link":"https:\/\/domainelaportedoree.com\/index.php\/nos-confitures\/","title":{"rendered":"CONFITURERIE &#038; CONSERVERIE"},"content":{"rendered":"\n<h4 style=\"line-height:1.2\"><strong>Nous sommes artisans<\/strong><\/h4>\n\n\n\n<div class=\"wp-block-columns\">\n<div class=\"wp-block-column\" style=\"flex-basis:66.66%\">\n<h4><strong>Nous travaillons uniquement des fruits et l\u00e9gumes Bio<\/strong><\/h4>\n\n\n\n<p>Chaque fois que possible, nous nous approvisionnons localement, en fruits et l\u00e9gumes frais et entiers.<\/p>\n<\/div>\n\n\n\n<div class=\"wp-block-column\" style=\"flex-basis:33.33%\">\n<div class=\"wp-block-image\"><figure class=\"aligncenter size-large is-resized\"><img loading=\"lazy\" src=\"http:\/\/domainelaportedoree.com\/wp-content\/uploads\/2021\/02\/logos-bio-sans-certifie.png\" alt=\"\" class=\"wp-image-6707\" width=\"120\" height=\"85\" srcset=\"https:\/\/domainelaportedoree.com\/wp-content\/uploads\/2021\/02\/logos-bio-sans-certifie.png 350w, https:\/\/domainelaportedoree.com\/wp-content\/uploads\/2021\/02\/logos-bio-sans-certifie-300x214.png 300w\" sizes=\"(max-width: 120px) 100vw, 120px\" \/><\/figure><\/div>\n<\/div>\n<\/div>\n\n\n\n<p>Pr\u00e9par\u00e9s et d\u00e9coup\u00e9s dans notre atelier, ils sont cuits en cuve, au bain marie, pour sauvegarder au maximum les saveurs et les textures.<\/p>\n\n\n\n<div class=\"wp-block-group\"><div class=\"wp-block-group__inner-container\"><\/div><\/div>\n\n\n\n<div class=\"wp-block-group\"><div class=\"wp-block-group__inner-container\"><\/div><\/div>\n\n\n\n<div class=\"wp-block-columns\">\n<div class=\"wp-block-column\">\n<figure class=\"wp-block-image size-large is-resized is-style-rounded\"><img loading=\"lazy\" src=\"http:\/\/domainelaportedoree.com\/wp-content\/uploads\/2021\/02\/Oranges-en-cageots-carre-1024x1024.jpg\" alt=\"\" class=\"wp-image-6680\" width=\"214\" height=\"214\" srcset=\"https:\/\/domainelaportedoree.com\/wp-content\/uploads\/2021\/02\/Oranges-en-cageots-carre-1024x1024.jpg 1024w, https:\/\/domainelaportedoree.com\/wp-content\/uploads\/2021\/02\/Oranges-en-cageots-carre-300x300.jpg 300w, https:\/\/domainelaportedoree.com\/wp-content\/uploads\/2021\/02\/Oranges-en-cageots-carre-150x150.jpg 150w, https:\/\/domainelaportedoree.com\/wp-content\/uploads\/2021\/02\/Oranges-en-cageots-carre-768x768.jpg 768w, https:\/\/domainelaportedoree.com\/wp-content\/uploads\/2021\/02\/Oranges-en-cageots-carre-100x100.jpg 100w, https:\/\/domainelaportedoree.com\/wp-content\/uploads\/2021\/02\/Oranges-en-cageots-carre.jpg 1512w\" sizes=\"(max-width: 214px) 100vw, 214px\" \/><\/figure>\n<\/div>\n\n\n\n<div class=\"wp-block-column\">\n<figure class=\"wp-block-image size-large is-resized is-style-rounded\"><img loading=\"lazy\" src=\"http:\/\/domainelaportedoree.com\/wp-content\/uploads\/2021\/02\/Oranges-coupees-carre-lumiere-1024x1024.jpg\" alt=\"\" class=\"wp-image-6710\" width=\"222\" height=\"222\" srcset=\"https:\/\/domainelaportedoree.com\/wp-content\/uploads\/2021\/02\/Oranges-coupees-carre-lumiere-1024x1024.jpg 1024w, https:\/\/domainelaportedoree.com\/wp-content\/uploads\/2021\/02\/Oranges-coupees-carre-lumiere-300x300.jpg 300w, https:\/\/domainelaportedoree.com\/wp-content\/uploads\/2021\/02\/Oranges-coupees-carre-lumiere-150x150.jpg 150w, https:\/\/domainelaportedoree.com\/wp-content\/uploads\/2021\/02\/Oranges-coupees-carre-lumiere-768x768.jpg 768w, https:\/\/domainelaportedoree.com\/wp-content\/uploads\/2021\/02\/Oranges-coupees-carre-lumiere-100x100.jpg 100w, https:\/\/domainelaportedoree.com\/wp-content\/uploads\/2021\/02\/Oranges-coupees-carre-lumiere.jpg 1512w\" sizes=\"(max-width: 222px) 100vw, 222px\" \/><\/figure>\n<\/div>\n\n\n\n<div class=\"wp-block-column\">\n<figure class=\"wp-block-image size-large is-resized is-style-rounded\"><img loading=\"lazy\" src=\"http:\/\/domainelaportedoree.com\/wp-content\/uploads\/2021\/02\/Cuisson-oranges-carre-1024x1024.jpg\" alt=\"\" class=\"wp-image-6732\" width=\"229\" height=\"229\" srcset=\"https:\/\/domainelaportedoree.com\/wp-content\/uploads\/2021\/02\/Cuisson-oranges-carre-1024x1024.jpg 1024w, https:\/\/domainelaportedoree.com\/wp-content\/uploads\/2021\/02\/Cuisson-oranges-carre-300x300.jpg 300w, https:\/\/domainelaportedoree.com\/wp-content\/uploads\/2021\/02\/Cuisson-oranges-carre-150x150.jpg 150w, https:\/\/domainelaportedoree.com\/wp-content\/uploads\/2021\/02\/Cuisson-oranges-carre-768x768.jpg 768w, https:\/\/domainelaportedoree.com\/wp-content\/uploads\/2021\/02\/Cuisson-oranges-carre-100x100.jpg 100w, https:\/\/domainelaportedoree.com\/wp-content\/uploads\/2021\/02\/Cuisson-oranges-carre.jpg 1512w\" sizes=\"(max-width: 229px) 100vw, 229px\" \/><\/figure>\n<\/div>\n<\/div>\n\n\n\n<figure class=\"wp-block-pullquote\"><blockquote><p><strong>Nos produits \u00e0 base de fruits<\/strong><\/p><cite>Confitures<br>Compotes de fruits <br>Pur\u00e9es de fruits sans sucre<br>Cr\u00e8mes de ch\u00e2taigne<br>P\u00e2te \u00e0 tartiner chocolat- noisette, sans huile<\/cite><\/blockquote><\/figure>\n\n\n\n<div class=\"wp-block-group\"><div class=\"wp-block-group__inner-container\">\n<div class=\"wp-block-columns\">\n<div class=\"wp-block-column is-vertically-aligned-center\" style=\"flex-basis:33.33%\">\n<p><strong>3 marques pour servir nos clients et leurs singularit\u00e9s<\/strong><\/p>\n<\/div>\n\n\n\n<div class=\"wp-block-column\" style=\"flex-basis:66.66%\">\n<div class=\"wp-block-columns\">\n<div class=\"wp-block-column is-vertically-aligned-center\">\n<figure class=\"wp-block-image size-large is-resized\"><img loading=\"lazy\" src=\"http:\/\/domainelaportedoree.com\/wp-content\/uploads\/2021\/02\/Logo-demelin-HD-1024x380.jpg\" alt=\"\" class=\"wp-image-6690\" width=\"143\" height=\"52\" srcset=\"https:\/\/domainelaportedoree.com\/wp-content\/uploads\/2021\/02\/Logo-demelin-HD-1024x380.jpg 1024w, https:\/\/domainelaportedoree.com\/wp-content\/uploads\/2021\/02\/Logo-demelin-HD-300x111.jpg 300w, https:\/\/domainelaportedoree.com\/wp-content\/uploads\/2021\/02\/Logo-demelin-HD-768x285.jpg 768w, https:\/\/domainelaportedoree.com\/wp-content\/uploads\/2021\/02\/Logo-demelin-HD-1536x570.jpg 1536w, https:\/\/domainelaportedoree.com\/wp-content\/uploads\/2021\/02\/Logo-demelin-HD.jpg 1992w\" sizes=\"(max-width: 143px) 100vw, 143px\" \/><\/figure>\n\n\n\n<p><\/p>\n<\/div>\n\n\n\n<div class=\"wp-block-column\">\n<figure class=\"wp-block-image size-large is-resized\"><img loading=\"lazy\" src=\"http:\/\/domainelaportedoree.com\/wp-content\/uploads\/2021\/02\/logo-Confiturerie.png\" alt=\"\" class=\"wp-image-6689\" width=\"131\" height=\"89\" srcset=\"https:\/\/domainelaportedoree.com\/wp-content\/uploads\/2021\/02\/logo-Confiturerie.png 929w, https:\/\/domainelaportedoree.com\/wp-content\/uploads\/2021\/02\/logo-Confiturerie-300x205.png 300w, https:\/\/domainelaportedoree.com\/wp-content\/uploads\/2021\/02\/logo-Confiturerie-768x525.png 768w\" sizes=\"(max-width: 131px) 100vw, 131px\" \/><\/figure>\n<\/div>\n\n\n\n<div class=\"wp-block-column is-vertically-aligned-center\">\n<figure class=\"wp-block-image size-large is-resized\"><img loading=\"lazy\" src=\"http:\/\/domainelaportedoree.com\/wp-content\/uploads\/2021\/02\/Logo-CONFIBIO-2-.jpg\" alt=\"\" class=\"wp-image-6688\" width=\"159\" height=\"55\" srcset=\"https:\/\/domainelaportedoree.com\/wp-content\/uploads\/2021\/02\/Logo-CONFIBIO-2-.jpg 1004w, https:\/\/domainelaportedoree.com\/wp-content\/uploads\/2021\/02\/Logo-CONFIBIO-2--300x106.jpg 300w, https:\/\/domainelaportedoree.com\/wp-content\/uploads\/2021\/02\/Logo-CONFIBIO-2--768x271.jpg 768w\" sizes=\"(max-width: 159px) 100vw, 159px\" \/><\/figure>\n<\/div>\n<\/div>\n\n\n\n<p><\/p>\n<\/div>\n<\/div>\n\n\n\n<p><\/p>\n<\/div><\/div>\n\n\n\n<div class=\"wp-block-group\"><div class=\"wp-block-group__inner-container\">\n<div class=\"wp-block-columns\"><\/div>\n\n\n\n<p><strong>Plusieurs formats de pot<\/strong> : du plus gros (1 kg) au plus petit (40g). <\/p>\n\n\n\n<p><strong>Nous travaillons aussi en poche pour la restauration (10 ou 5 Kg).<\/strong> Nous consulter pour d&#8217;autres formats. <\/p>\n\n\n\n<div class=\"wp-block-columns\">\n<div class=\"wp-block-column\" style=\"flex-basis:33.33%\">\n<figure class=\"wp-block-image size-large is-resized\"><img loading=\"lazy\" src=\"http:\/\/domainelaportedoree.com\/wp-content\/uploads\/2021\/09\/Coulage-confiture-V1-768x1024.jpg\" alt=\"\" class=\"wp-image-7022\" width=\"231\" height=\"309\" srcset=\"https:\/\/domainelaportedoree.com\/wp-content\/uploads\/2021\/09\/Coulage-confiture-V1-768x1024.jpg 768w, https:\/\/domainelaportedoree.com\/wp-content\/uploads\/2021\/09\/Coulage-confiture-V1-225x300.jpg 225w, https:\/\/domainelaportedoree.com\/wp-content\/uploads\/2021\/09\/Coulage-confiture-V1-1152x1536.jpg 1152w, https:\/\/domainelaportedoree.com\/wp-content\/uploads\/2021\/09\/Coulage-confiture-V1-1536x2048.jpg 1536w, https:\/\/domainelaportedoree.com\/wp-content\/uploads\/2021\/09\/Coulage-confiture-V1-scaled.jpg 1920w\" sizes=\"(max-width: 231px) 100vw, 231px\" \/><\/figure>\n<\/div>\n\n\n\n<div class=\"wp-block-column\" style=\"flex-basis:66.66%\">\n<div class=\"wp-block-columns\">\n<div class=\"wp-block-column\">\n<figure class=\"wp-block-image size-large is-resized\"><img loading=\"lazy\" src=\"http:\/\/domainelaportedoree.com\/wp-content\/uploads\/2021\/09\/Gros-pots-confitures-fraise-768x1024.jpg\" alt=\"\" class=\"wp-image-7027\" width=\"224\" height=\"298\" srcset=\"https:\/\/domainelaportedoree.com\/wp-content\/uploads\/2021\/09\/Gros-pots-confitures-fraise-768x1024.jpg 768w, https:\/\/domainelaportedoree.com\/wp-content\/uploads\/2021\/09\/Gros-pots-confitures-fraise-225x300.jpg 225w, https:\/\/domainelaportedoree.com\/wp-content\/uploads\/2021\/09\/Gros-pots-confitures-fraise-1152x1536.jpg 1152w, https:\/\/domainelaportedoree.com\/wp-content\/uploads\/2021\/09\/Gros-pots-confitures-fraise-1536x2048.jpg 1536w, https:\/\/domainelaportedoree.com\/wp-content\/uploads\/2021\/09\/Gros-pots-confitures-fraise-scaled.jpg 1920w\" sizes=\"(max-width: 224px) 100vw, 224px\" \/><\/figure>\n<\/div>\n\n\n\n<div class=\"wp-block-column\">\n<figure class=\"wp-block-image size-large is-resized\"><img loading=\"lazy\" src=\"http:\/\/domainelaportedoree.com\/wp-content\/uploads\/2021\/09\/Petits-pots-de-confiture-fraise-pour-petits-dejeuners-1024x768.jpg\" alt=\"\" class=\"wp-image-7032\" width=\"328\" height=\"246\" srcset=\"https:\/\/domainelaportedoree.com\/wp-content\/uploads\/2021\/09\/Petits-pots-de-confiture-fraise-pour-petits-dejeuners-1024x768.jpg 1024w, https:\/\/domainelaportedoree.com\/wp-content\/uploads\/2021\/09\/Petits-pots-de-confiture-fraise-pour-petits-dejeuners-300x225.jpg 300w, https:\/\/domainelaportedoree.com\/wp-content\/uploads\/2021\/09\/Petits-pots-de-confiture-fraise-pour-petits-dejeuners-768x576.jpg 768w, https:\/\/domainelaportedoree.com\/wp-content\/uploads\/2021\/09\/Petits-pots-de-confiture-fraise-pour-petits-dejeuners-1536x1152.jpg 1536w, https:\/\/domainelaportedoree.com\/wp-content\/uploads\/2021\/09\/Petits-pots-de-confiture-fraise-pour-petits-dejeuners-2048x1536.jpg 2048w\" sizes=\"(max-width: 328px) 100vw, 328px\" \/><\/figure>\n<\/div>\n<\/div>\n<\/div>\n<\/div>\n\n\n\n<div class=\"wp-block-columns\">\n<div class=\"wp-block-column\" style=\"flex-basis:66.66%\">\n<p><\/p>\n\n\n\n<p class=\"has-white-color has-text-color\">fdsfsdqfdqdsfd<\/p>\n\n\n\n<p class=\"has-white-color has-text-color\">dgffdsgfds<\/p>\n\n\n\n<p class=\"has-white-color has-text-color\">gdfgdsf<\/p>\n\n\n\n<p class=\"has-text-align-center\" style=\"line-height:1.4\">Nous pouvons aussi fabriquer \u00e0 votre marque : <\/p>\n\n\n\n<p class=\"has-text-align-center\" style=\"line-height:1.4\">pour votre lieu ou pour une occasion particuli\u00e8re (cadeaux)<\/p>\n\n\n\n<p class=\"has-text-align-center\">Quantit\u00e9s minimales &#8211; Nous consulter<\/p>\n<\/div>\n\n\n\n<div class=\"wp-block-column\" style=\"flex-basis:33.33%\">\n<figure class=\"wp-block-image size-large is-resized\"><img loading=\"lazy\" src=\"http:\/\/domainelaportedoree.com\/wp-content\/uploads\/2022\/06\/GalaPontlevoy-1-2-683x1024.jpg\" alt=\"\" class=\"wp-image-7457\" width=\"239\" height=\"358\" srcset=\"https:\/\/domainelaportedoree.com\/wp-content\/uploads\/2022\/06\/GalaPontlevoy-1-2-683x1024.jpg 683w, https:\/\/domainelaportedoree.com\/wp-content\/uploads\/2022\/06\/GalaPontlevoy-1-2-200x300.jpg 200w, https:\/\/domainelaportedoree.com\/wp-content\/uploads\/2022\/06\/GalaPontlevoy-1-2-768x1152.jpg 768w, https:\/\/domainelaportedoree.com\/wp-content\/uploads\/2022\/06\/GalaPontlevoy-1-2-1024x1536.jpg 1024w, https:\/\/domainelaportedoree.com\/wp-content\/uploads\/2022\/06\/GalaPontlevoy-1-2.jpg 1067w\" sizes=\"(max-width: 239px) 100vw, 239px\" \/><\/figure>\n\n\n\n<p class=\"has-small-font-size\">credit@ThibaultLajouanie<\/p>\n<\/div>\n<\/div>\n<\/div><\/div>\n\n\n\n<div class=\"wp-block-columns\">\n<div class=\"wp-block-column\" style=\"flex-basis:33.33%\">\n<p><strong>Confitures et gel\u00e9es<\/strong><\/p>\n<\/div>\n\n\n\n<div class=\"wp-block-column\" style=\"flex-basis:66.66%\">\n<p>Abricot, Aronia, Cassis, Citron C\u00e9drat, Cynorhodon, Figue, Fraise, Fraise \u00e0 la rose, Fraise \u00e0 la rhubarbe, Framboise, Griotte, Groseille, Kiwi, Kumquat, Mirabelle, M\u00fbre, Myrtille, Orange am\u00e8re, P\u00eache, Poire, Potimarron-Cl\u00e9mentine, Rhubarbe,  Sucrine du Berry, Tomate verte, Trois fruits (cassis, fraise, griotte), Raisin (c\u00e9page Pinot Noir, Malbec, Romorantin)<\/p>\n<\/div>\n<\/div>\n\n\n\n<div class=\"wp-block-columns\">\n<div class=\"wp-block-column\" style=\"flex-basis:33.33%\">\n<p><strong>Cr\u00e8mes de ch\u00e2taigne<\/strong><\/p>\n<\/div>\n\n\n\n<div class=\"wp-block-column\" style=\"flex-basis:66.66%\">\n<p>Ch\u00e2taigne nature, Ch\u00e2taigne vanille, Ch\u00e2taigne noisettes, Ch\u00e2taigne \u00e9pices<\/p>\n\n\n\n<div class=\"wp-block-columns\">\n<div class=\"wp-block-column\" style=\"flex-basis:33.33%\"><\/div>\n\n\n\n<div class=\"wp-block-column\" style=\"flex-basis:66.66%\"><\/div>\n<\/div>\n<\/div>\n<\/div>\n\n\n\n<div class=\"wp-block-columns\">\n<div class=\"wp-block-column\"><\/div>\n\n\n\n<div class=\"wp-block-column\"><\/div>\n<\/div>\n\n\n\n<div class=\"wp-block-columns\">\n<div class=\"wp-block-column\" style=\"flex-basis:33.33%\">\n<p><strong>P\u00e2te \u00e0 tartiner<\/strong><\/p>\n<\/div>\n\n\n\n<div class=\"wp-block-column\" style=\"flex-basis:66.66%\">\n<p>Recette gourmande, avec beaucoup de chocolat, de pralin et de noisettes et de la ch\u00e2taigne <\/p>\n<\/div>\n<\/div>\n\n\n\n<div class=\"wp-block-columns\">\n<div class=\"wp-block-column\" style=\"flex-basis:33.33%\">\n<p><strong>Compotes et pur\u00e9es de fruits<\/strong><\/p>\n<\/div>\n\n\n\n<div class=\"wp-block-column\" style=\"flex-basis:66.66%\">\n<p>Pomme nature, Pomme\/Abricot, Pomme\/Fraise, Pomme\/Rhubarbe, Pomme\/Poire, Pomme\/Gingembre<\/p>\n<\/div>\n<\/div>\n\n\n\n<figure class=\"wp-block-image size-large\"><img loading=\"lazy\" width=\"1024\" height=\"189\" src=\"http:\/\/domainelaportedoree.com\/wp-content\/uploads\/2021\/02\/Confiturerie-de-Cheverny-Gamme-WEB-1024x189.png\" alt=\"\" class=\"wp-image-6663\" srcset=\"https:\/\/domainelaportedoree.com\/wp-content\/uploads\/2021\/02\/Confiturerie-de-Cheverny-Gamme-WEB-1024x189.png 1024w, https:\/\/domainelaportedoree.com\/wp-content\/uploads\/2021\/02\/Confiturerie-de-Cheverny-Gamme-WEB-300x56.png 300w, https:\/\/domainelaportedoree.com\/wp-content\/uploads\/2021\/02\/Confiturerie-de-Cheverny-Gamme-WEB-768x142.png 768w, https:\/\/domainelaportedoree.com\/wp-content\/uploads\/2021\/02\/Confiturerie-de-Cheverny-Gamme-WEB-1536x284.png 1536w, https:\/\/domainelaportedoree.com\/wp-content\/uploads\/2021\/02\/Confiturerie-de-Cheverny-Gamme-WEB.png 1800w\" sizes=\"(max-width: 767px) 89vw, (max-width: 1000px) 54vw, (max-width: 1071px) 543px, 580px\" \/><\/figure>\n\n\n\n<figure class=\"wp-block-pullquote\"><blockquote><p><strong>Nos produits \u00e0 base de l\u00e9gumes<\/strong><\/p><cite>Soupes, velout\u00e9s<br>Pulpes pour pr\u00e9parations culinaires<br>Coulis<br>Tartinables<br>Ratatouille<br>Et autres&#8230;<\/cite><\/blockquote><\/figure>\n\n\n\n<p>Pour les l\u00e9gumes, nous faisons essentiellement du travail \u00e0 fa\u00e7on au service des maraichers bio locaux, pour transformer les invendus, les hors calibres, ou bien apporter de la valeur ajout\u00e9e \u00e0 leurs productions. Nos grandes chambres froides n\u00e9gatives permettent de stocker si n\u00e9cessaire.<\/p>\n\n\n\n<p><\/p>\n\n\n\n<div class=\"wp-block-columns\">\n<div class=\"wp-block-column\">\n<div class=\"wp-block-image\"><figure class=\"aligncenter size-large is-resized\"><img loading=\"lazy\" src=\"http:\/\/domainelaportedoree.com\/wp-content\/uploads\/2021\/02\/Tomates-cageots-768x1024.jpg\" alt=\"\" class=\"wp-image-6728\" width=\"277\" height=\"369\" srcset=\"https:\/\/domainelaportedoree.com\/wp-content\/uploads\/2021\/02\/Tomates-cageots-768x1024.jpg 768w, https:\/\/domainelaportedoree.com\/wp-content\/uploads\/2021\/02\/Tomates-cageots-225x300.jpg 225w, https:\/\/domainelaportedoree.com\/wp-content\/uploads\/2021\/02\/Tomates-cageots-1152x1536.jpg 1152w, https:\/\/domainelaportedoree.com\/wp-content\/uploads\/2021\/02\/Tomates-cageots-1536x2048.jpg 1536w, https:\/\/domainelaportedoree.com\/wp-content\/uploads\/2021\/02\/Tomates-cageots-scaled.jpg 1920w\" sizes=\"(max-width: 277px) 100vw, 277px\" \/><\/figure><\/div>\n<\/div>\n\n\n\n<div class=\"wp-block-column\">\n<div class=\"wp-block-image\"><figure class=\"aligncenter size-large is-resized\"><img loading=\"lazy\" src=\"http:\/\/domainelaportedoree.com\/wp-content\/uploads\/2021\/02\/Carottes-betteraves-en-caisse-768x1024.jpg\" alt=\"\" class=\"wp-image-6724\" width=\"276\" height=\"368\" srcset=\"https:\/\/domainelaportedoree.com\/wp-content\/uploads\/2021\/02\/Carottes-betteraves-en-caisse-768x1024.jpg 768w, https:\/\/domainelaportedoree.com\/wp-content\/uploads\/2021\/02\/Carottes-betteraves-en-caisse-225x300.jpg 225w, https:\/\/domainelaportedoree.com\/wp-content\/uploads\/2021\/02\/Carottes-betteraves-en-caisse-1152x1536.jpg 1152w, https:\/\/domainelaportedoree.com\/wp-content\/uploads\/2021\/02\/Carottes-betteraves-en-caisse-1536x2048.jpg 1536w, https:\/\/domainelaportedoree.com\/wp-content\/uploads\/2021\/02\/Carottes-betteraves-en-caisse-scaled.jpg 1920w\" sizes=\"(max-width: 276px) 100vw, 276px\" \/><\/figure><\/div>\n<\/div>\n<\/div>\n\n\n\n<div class=\"wp-block-columns\">\n<div class=\"wp-block-column\">\n<figure class=\"wp-block-image size-large is-resized\"><img loading=\"lazy\" src=\"http:\/\/domainelaportedoree.com\/wp-content\/uploads\/2021\/09\/Courgettes-en-cageots-V2-1024x768.jpg\" alt=\"\" class=\"wp-image-7024\" width=\"267\" height=\"200\" srcset=\"https:\/\/domainelaportedoree.com\/wp-content\/uploads\/2021\/09\/Courgettes-en-cageots-V2-1024x768.jpg 1024w, https:\/\/domainelaportedoree.com\/wp-content\/uploads\/2021\/09\/Courgettes-en-cageots-V2-300x225.jpg 300w, https:\/\/domainelaportedoree.com\/wp-content\/uploads\/2021\/09\/Courgettes-en-cageots-V2-768x576.jpg 768w, https:\/\/domainelaportedoree.com\/wp-content\/uploads\/2021\/09\/Courgettes-en-cageots-V2-1536x1152.jpg 1536w, https:\/\/domainelaportedoree.com\/wp-content\/uploads\/2021\/09\/Courgettes-en-cageots-V2-2048x1536.jpg 2048w\" sizes=\"(max-width: 267px) 100vw, 267px\" \/><\/figure>\n<\/div>\n\n\n\n<div class=\"wp-block-column\">\n<figure class=\"wp-block-image size-large is-resized\"><img loading=\"lazy\" src=\"http:\/\/domainelaportedoree.com\/wp-content\/uploads\/2021\/09\/Aubergines-cubees-V2-768x1024.jpg\" alt=\"\" class=\"wp-image-7021\" width=\"179\" height=\"237\"\/><\/figure>\n<\/div>\n\n\n\n<div class=\"wp-block-column\">\n<p><\/p>\n\n\n\n<figure class=\"wp-block-gallery columns-1 is-cropped\"><ul class=\"blocks-gallery-grid\"><li class=\"blocks-gallery-item\"><figure><img loading=\"lazy\" width=\"1024\" height=\"584\" src=\"http:\/\/domainelaportedoree.com\/wp-content\/uploads\/2022\/01\/Soupes-sur-palette-atelier-1024x584.jpg\" alt=\"\" data-id=\"7389\" class=\"wp-image-7389\" srcset=\"https:\/\/domainelaportedoree.com\/wp-content\/uploads\/2022\/01\/Soupes-sur-palette-atelier-1024x584.jpg 1024w, https:\/\/domainelaportedoree.com\/wp-content\/uploads\/2022\/01\/Soupes-sur-palette-atelier-300x171.jpg 300w, https:\/\/domainelaportedoree.com\/wp-content\/uploads\/2022\/01\/Soupes-sur-palette-atelier-768x438.jpg 768w, https:\/\/domainelaportedoree.com\/wp-content\/uploads\/2022\/01\/Soupes-sur-palette-atelier-1536x876.jpg 1536w, https:\/\/domainelaportedoree.com\/wp-content\/uploads\/2022\/01\/Soupes-sur-palette-atelier.jpg 2000w\" sizes=\"(max-width: 767px) 89vw, (max-width: 1000px) 54vw, (max-width: 1071px) 543px, 580px\" \/><\/figure><\/li><\/ul><\/figure>\n<\/div>\n<\/div>\n\n\n\n<div class=\"wp-block-group\"><div class=\"wp-block-group__inner-container\">\n<div class=\"wp-block-columns\">\n<div class=\"wp-block-column\">\n<p style=\"line-height:1.4\">Les l\u00e9gumes nous sont apport\u00e9s par les maraichers du territoire.<\/p>\n<\/div>\n\n\n\n<div class=\"wp-block-column\">\n<figure class=\"wp-block-image size-large is-resized\"><img loading=\"lazy\" src=\"http:\/\/domainelaportedoree.com\/wp-content\/uploads\/2021\/02\/Bouteille-soupe-caisse-768x1024.jpg\" alt=\"\" class=\"wp-image-6723\" width=\"181\" height=\"241\" srcset=\"https:\/\/domainelaportedoree.com\/wp-content\/uploads\/2021\/02\/Bouteille-soupe-caisse-768x1024.jpg 768w, https:\/\/domainelaportedoree.com\/wp-content\/uploads\/2021\/02\/Bouteille-soupe-caisse-225x300.jpg 225w, https:\/\/domainelaportedoree.com\/wp-content\/uploads\/2021\/02\/Bouteille-soupe-caisse-1152x1536.jpg 1152w, https:\/\/domainelaportedoree.com\/wp-content\/uploads\/2021\/02\/Bouteille-soupe-caisse-1536x2048.jpg 1536w, https:\/\/domainelaportedoree.com\/wp-content\/uploads\/2021\/02\/Bouteille-soupe-caisse-scaled.jpg 1920w\" sizes=\"(max-width: 181px) 100vw, 181px\" \/><\/figure>\n<\/div>\n\n\n\n<div class=\"wp-block-column\">\n<p style=\"line-height:1.4\">Nous les transformons avec leurs recettes ou les n\u00f4tres. <\/p>\n\n\n\n<p style=\"line-height:1.4\">Nous mettons en bouteille et si besoin imprimons les \u00e9tiquettes \u00e0 leur nom\/marque.<\/p>\n\n\n\n<p>Les maraichers repartent avec leurs produits et les commercialisent sur leur ferme et dans leurs circuits de distribution<font _mstmutation=\"1\"><\/p>\n\n\n\n\n<\/div>\n<\/div>\n\n\n\n<p><\/p>\n<\/div><\/div>\n\n\n\n<div class=\"wp-block-image\"><figure class=\"aligncenter size-large is-resized\"><img loading=\"lazy\" src=\"http:\/\/domainelaportedoree.com\/wp-content\/uploads\/2022\/01\/Etageres-soupe-V4-1024x329.jpg\" alt=\"\" class=\"wp-image-7384\" width=\"696\" height=\"254\"\/><\/figure><\/div>\n\n\n\n<div class=\"wp-block-columns\">\n<div class=\"wp-block-column\"><\/div>\n\n\n\n<div class=\"wp-block-column\"><\/div>\n\n\n\n<div class=\"wp-block-column\"><\/div>\n<\/div>\n\n\n\n<p><\/p>\n","protected":false},"excerpt":{"rendered":"<p>Nous sommes artisans Nous travaillons uniquement des fruits et l\u00e9gumes Bio Chaque fois que possible, nous nous approvisionnons localement, en fruits et l\u00e9gumes frais et entiers. Pr\u00e9par\u00e9s et d\u00e9coup\u00e9s dans notre atelier, ils sont cuits en cuve, au bain marie, pour sauvegarder au maximum les saveurs et les textures. Nos produits \u00e0 base de fruits &hellip; <\/p>\n<p class=\"link-more\"><a href=\"https:\/\/domainelaportedoree.com\/index.php\/nos-confitures\/\" class=\"more-link\">Continue reading<span class=\"screen-reader-text\"> &#8220;CONFITURERIE &#038; CONSERVERIE&#8221;<\/span><\/a><\/p>\n","protected":false},"author":1,"featured_media":0,"parent":0,"menu_order":0,"comment_status":"closed","ping_status":"closed","template":"","meta":[],"_links":{"self":[{"href":"https:\/\/domainelaportedoree.com\/index.php\/wp-json\/wp\/v2\/pages\/6488"}],"collection":[{"href":"https:\/\/domainelaportedoree.com\/index.php\/wp-json\/wp\/v2\/pages"}],"about":[{"href":"https:\/\/domainelaportedoree.com\/index.php\/wp-json\/wp\/v2\/types\/page"}],"author":[{"embeddable":true,"href":"https:\/\/domainelaportedoree.com\/index.php\/wp-json\/wp\/v2\/users\/1"}],"replies":[{"embeddable":true,"href":"https:\/\/domainelaportedoree.com\/index.php\/wp-json\/wp\/v2\/comments?post=6488"}],"version-history":[{"count":190,"href":"https:\/\/domainelaportedoree.com\/index.php\/wp-json\/wp\/v2\/pages\/6488\/revisions"}],"predecessor-version":[{"id":7719,"href":"https:\/\/domainelaportedoree.com\/index.php\/wp-json\/wp\/v2\/pages\/6488\/revisions\/7719"}],"wp:attachment":[{"href":"https:\/\/domainelaportedoree.com\/index.php\/wp-json\/wp\/v2\/media?parent=6488"}],"curies":[{"name":"wp","href":"https:\/\/api.w.org\/{rel}","templated":true}]}}