{"id":5487,"date":"2016-03-07T11:07:48","date_gmt":"2016-03-07T10:07:48","guid":{"rendered":"http:\/\/www.domaine-de-montcy.com\/?page_id=5487"},"modified":"2024-04-03T10:39:02","modified_gmt":"2024-04-03T08:39:02","slug":"contact","status":"publish","type":"page","link":"https:\/\/domainelaportedoree.com\/index.php\/contact\/","title":{"rendered":"CONTACT"},"content":{"rendered":"\n<figure class=\"wp-block-table\"><table><tbody><tr><td><strong>Domaine La Porte Dor\u00e9e<\/strong><br>La Porte Dor\u00e9e<br>32 Route de Foug\u00e8res<br>41700 CHEVERNY<br><br><br>Tel : +33 6 74 46 76 34 <br><br>info@domainelaportedoree.com<\/td><td><br><img loading=\"lazy\" width=\"182\" height=\"236\" src=\"http:\/\/domainelaportedoree.com\/wp-content\/uploads\/2021\/03\/Dominique-Sourire-2.jpg\" alt=\"\"><br>Dominique EUGENE<br><br><\/td><\/tr><\/tbody><\/table><\/figure>\n\n\n\n<div class=\"wp-block-columns\">\n<div class=\"wp-block-column\" style=\"flex-basis:33.33%\"><\/div>\n\n\n\n<div class=\"wp-block-column is-vertically-aligned-top\" style=\"flex-basis:66.66%\">\n<div class=\"wp-block-image\"><figure class=\"aligncenter size-large is-resized\"><img loading=\"lazy\" src=\"http:\/\/domainelaportedoree.com\/wp-content\/uploads\/2022\/01\/Photo7-1024x683.jpg\" alt=\"\" class=\"wp-image-7271\" width=\"214\" height=\"144\" srcset=\"https:\/\/domainelaportedoree.com\/wp-content\/uploads\/2022\/01\/Photo7-1024x683.jpg 1024w, https:\/\/domainelaportedoree.com\/wp-content\/uploads\/2022\/01\/Photo7-300x200.jpg 300w, https:\/\/domainelaportedoree.com\/wp-content\/uploads\/2022\/01\/Photo7-768x512.jpg 768w, https:\/\/domainelaportedoree.com\/wp-content\/uploads\/2022\/01\/Photo7-1536x1024.jpg 1536w, https:\/\/domainelaportedoree.com\/wp-content\/uploads\/2022\/01\/Photo7-2048x1366.jpg 2048w\" sizes=\"(max-width: 214px) 100vw, 214px\" \/><figcaption>Suzel HARAUCHAMPS<\/figcaption><\/figure><\/div>\n\n\n\n<p class=\"has-text-align-center\"><\/p>\n\n\n\n<p class=\"has-text-align-center\">                                    <\/p>\n<\/div>\n<\/div>\n\n\n\n<p><\/p>\n","protected":false},"excerpt":{"rendered":"<p>Domaine La Porte Dor\u00e9eLa Porte Dor\u00e9e32 Route de Foug\u00e8res41700 CHEVERNY Tel : +33 6 74 46 76 34 info@domainelaportedoree.com Dominique EUGENE<\/p>\n","protected":false},"author":1,"featured_media":0,"parent":0,"menu_order":0,"comment_status":"closed","ping_status":"open","template":"","meta":[],"_links":{"self":[{"href":"https:\/\/domainelaportedoree.com\/index.php\/wp-json\/wp\/v2\/pages\/5487"}],"collection":[{"href":"https:\/\/domainelaportedoree.com\/index.php\/wp-json\/wp\/v2\/pages"}],"about":[{"href":"https:\/\/domainelaportedoree.com\/index.php\/wp-json\/wp\/v2\/types\/page"}],"author":[{"embeddable":true,"href":"https:\/\/domainelaportedoree.com\/index.php\/wp-json\/wp\/v2\/users\/1"}],"replies":[{"embeddable":true,"href":"https:\/\/domainelaportedoree.com\/index.php\/wp-json\/wp\/v2\/comments?post=5487"}],"version-history":[{"count":26,"href":"https:\/\/domainelaportedoree.com\/index.php\/wp-json\/wp\/v2\/pages\/5487\/revisions"}],"predecessor-version":[{"id":7605,"href":"https:\/\/domainelaportedoree.com\/index.php\/wp-json\/wp\/v2\/pages\/5487\/revisions\/7605"}],"wp:attachment":[{"href":"https:\/\/domainelaportedoree.com\/index.php\/wp-json\/wp\/v2\/media?parent=5487"}],"curies":[{"name":"wp","href":"https:\/\/api.w.org\/{rel}","templated":true}]}}