{"id":5471,"date":"2016-03-07T10:49:53","date_gmt":"2016-03-07T09:49:53","guid":{"rendered":"http:\/\/www.domaine-de-montcy.com\/?page_id=5471"},"modified":"2021-02-10T10:44:48","modified_gmt":"2021-02-10T09:44:48","slug":"mentions-legales","status":"publish","type":"page","link":"https:\/\/domainelaportedoree.com\/index.php\/mentions-legales\/","title":{"rendered":"Mentions l\u00e9gales"},"content":{"rendered":"<p>Le site Domaine La Porte Dor\u00e9e est la propri\u00e9t\u00e9 de la SARL LA PORTE DOREE \u2013\u00a0 Domaine La Porte Dor\u00e9e &#8211; 32 route de Foug\u00e8res \u2013 41700 Cheverny.<\/p>\n<p>RCS Blois : 400242046.<br \/>\nN\u00b0SIRET : 40024204600029.<br \/>\nN\u00b0TVA : FR 10 400 24 20 46.<\/p>\n<p>Le directeur de la publication du site est Dominique EUGENE de la SARL LA PORTE DOREE.<\/p>\n<p>Le site est h\u00e9berg\u00e9 par OVH.<\/p>\n<p>Ce site et son contenu (textes, images, photos) sont la propri\u00e9t\u00e9 de la SARL LA PORTE DOREE. Ils sont prot\u00e9g\u00e9s par les lois en vigueur sur la propri\u00e9t\u00e9 intellectuelle (droit d\u2019auteur, droits des bases de donn\u00e9es\u2026).<br \/>\nAucun \u00e9l\u00e9ment de ce site ne peut \u00eatre copi\u00e9, diffus\u00e9, dupliqu\u00e9, t\u00e9l\u00e9charg\u00e9, modifi\u00e9, adapt\u00e9, exploit\u00e9, totalement ou partiellement, sur quelque support que ce soit, autrement que pour un usage personnel, priv\u00e9, et non commercial. Toute autre utilisation devra \u00eatre autoris\u00e9e par le domaine de Montcy avant d\u2019\u00eatre mise en \u0153uvre.<\/p>\n<p>Vous disposez d\u2019un droit d\u2019acc\u00e8s, de modification, de rectification et de suppression des donn\u00e9es nominatives vous concernant en contactant le webmaster du site<br \/>\n\u2013 par e-mail : info@domainelaportedoree.com<br \/>\n\u2013 par t\u00e9l\u00e9phone : 02 54 44 20 00<\/p>\n","protected":false},"excerpt":{"rendered":"<p>Le site Domaine La Porte Dor\u00e9e est la propri\u00e9t\u00e9 de la SARL LA PORTE DOREE \u2013\u00a0 Domaine La Porte Dor\u00e9e &#8211; 32 route de Foug\u00e8res \u2013 41700 Cheverny. RCS Blois : 400242046. N\u00b0SIRET : 40024204600029. N\u00b0TVA : FR 10 400 24 20 46. Le directeur de la publication du site est Dominique EUGENE de la &hellip; <\/p>\n<p class=\"link-more\"><a href=\"https:\/\/domainelaportedoree.com\/index.php\/mentions-legales\/\" class=\"more-link\">Continue reading<span class=\"screen-reader-text\"> &#8220;Mentions l\u00e9gales&#8221;<\/span><\/a><\/p>\n","protected":false},"author":1,"featured_media":0,"parent":0,"menu_order":0,"comment_status":"closed","ping_status":"open","template":"","meta":[],"_links":{"self":[{"href":"https:\/\/domainelaportedoree.com\/index.php\/wp-json\/wp\/v2\/pages\/5471"}],"collection":[{"href":"https:\/\/domainelaportedoree.com\/index.php\/wp-json\/wp\/v2\/pages"}],"about":[{"href":"https:\/\/domainelaportedoree.com\/index.php\/wp-json\/wp\/v2\/types\/page"}],"author":[{"embeddable":true,"href":"https:\/\/domainelaportedoree.com\/index.php\/wp-json\/wp\/v2\/users\/1"}],"replies":[{"embeddable":true,"href":"https:\/\/domainelaportedoree.com\/index.php\/wp-json\/wp\/v2\/comments?post=5471"}],"version-history":[{"count":3,"href":"https:\/\/domainelaportedoree.com\/index.php\/wp-json\/wp\/v2\/pages\/5471\/revisions"}],"predecessor-version":[{"id":6648,"href":"https:\/\/domainelaportedoree.com\/index.php\/wp-json\/wp\/v2\/pages\/5471\/revisions\/6648"}],"wp:attachment":[{"href":"https:\/\/domainelaportedoree.com\/index.php\/wp-json\/wp\/v2\/media?parent=5471"}],"curies":[{"name":"wp","href":"https:\/\/api.w.org\/{rel}","templated":true}]}}