{"id":5350,"date":"2016-01-20T15:43:39","date_gmt":"2016-01-20T14:43:39","guid":{"rendered":"http:\/\/www.domaine-de-montcy.com\/?page_id=5350"},"modified":"2026-01-20T12:59:59","modified_gmt":"2026-01-20T11:59:59","slug":"salle-de-reception","status":"publish","type":"page","link":"https:\/\/domainelaportedoree.com\/index.php\/salle-de-reception\/","title":{"rendered":"SALLE DE RECEPTION"},"content":{"rendered":"\n<h3><\/h3>\n\n\n\n<div class=\"wp-block-columns\">\n<div class=\"wp-block-column\">\n<figure class=\"wp-block-image size-large\"><img loading=\"lazy\" width=\"1024\" height=\"768\" src=\"http:\/\/domainelaportedoree.com\/wp-content\/uploads\/2021\/09\/Journees-parlementaires-modem-septembre-2021-V2-1024x768.jpg\" alt=\"\" class=\"wp-image-7041\" srcset=\"https:\/\/domainelaportedoree.com\/wp-content\/uploads\/2021\/09\/Journees-parlementaires-modem-septembre-2021-V2-1024x768.jpg 1024w, https:\/\/domainelaportedoree.com\/wp-content\/uploads\/2021\/09\/Journees-parlementaires-modem-septembre-2021-V2-300x225.jpg 300w, https:\/\/domainelaportedoree.com\/wp-content\/uploads\/2021\/09\/Journees-parlementaires-modem-septembre-2021-V2-768x576.jpg 768w, https:\/\/domainelaportedoree.com\/wp-content\/uploads\/2021\/09\/Journees-parlementaires-modem-septembre-2021-V2-1536x1152.jpg 1536w, https:\/\/domainelaportedoree.com\/wp-content\/uploads\/2021\/09\/Journees-parlementaires-modem-septembre-2021-V2-2048x1536.jpg 2048w\" sizes=\"(max-width: 767px) 89vw, (max-width: 1000px) 54vw, (max-width: 1071px) 543px, 580px\" \/><\/figure>\n<\/div>\n\n\n\n<div class=\"wp-block-column\">\n<figure class=\"wp-block-image size-large is-resized\"><img loading=\"lazy\" src=\"http:\/\/domainelaportedoree.com\/wp-content\/uploads\/2021\/11\/531A0496-683x1024.jpg\" alt=\"\" class=\"wp-image-7151\" width=\"232\" height=\"347\" srcset=\"https:\/\/domainelaportedoree.com\/wp-content\/uploads\/2021\/11\/531A0496-683x1024.jpg 683w, https:\/\/domainelaportedoree.com\/wp-content\/uploads\/2021\/11\/531A0496-200x300.jpg 200w, https:\/\/domainelaportedoree.com\/wp-content\/uploads\/2021\/11\/531A0496-768x1152.jpg 768w, https:\/\/domainelaportedoree.com\/wp-content\/uploads\/2021\/11\/531A0496-1024x1536.jpg 1024w, https:\/\/domainelaportedoree.com\/wp-content\/uploads\/2021\/11\/531A0496-1365x2048.jpg 1365w, https:\/\/domainelaportedoree.com\/wp-content\/uploads\/2021\/11\/531A0496-scaled.jpg 1707w\" sizes=\"(max-width: 232px) 100vw, 232px\" \/><\/figure>\n<\/div>\n\n\n\n<div class=\"wp-block-column\">\n<figure class=\"wp-block-image size-large is-resized\"><img loading=\"lazy\" src=\"http:\/\/domainelaportedoree.com\/wp-content\/uploads\/2021\/11\/Salle-eclairee-dans-la-nuit-1024x683.jpg\" alt=\"\" class=\"wp-image-7152\" width=\"313\" height=\"209\" srcset=\"https:\/\/domainelaportedoree.com\/wp-content\/uploads\/2021\/11\/Salle-eclairee-dans-la-nuit-1024x683.jpg 1024w, https:\/\/domainelaportedoree.com\/wp-content\/uploads\/2021\/11\/Salle-eclairee-dans-la-nuit-300x200.jpg 300w, https:\/\/domainelaportedoree.com\/wp-content\/uploads\/2021\/11\/Salle-eclairee-dans-la-nuit-768x512.jpg 768w, https:\/\/domainelaportedoree.com\/wp-content\/uploads\/2021\/11\/Salle-eclairee-dans-la-nuit-1536x1024.jpg 1536w, https:\/\/domainelaportedoree.com\/wp-content\/uploads\/2021\/11\/Salle-eclairee-dans-la-nuit-2048x1365.jpg 2048w\" sizes=\"(max-width: 313px) 100vw, 313px\" \/><\/figure>\n<\/div>\n<\/div>\n\n\n\n<p style=\"line-height:1.4\">Dans un \u00e9crin de verdure, au milieu de nos vignes en agriculture biologique, le Domaine La Porte Dor\u00e9e est un bel espace pour organiser vos \u00e9v\u00e9nements : r\u00e9ceptions, mariages, s\u00e9minaires, conf\u00e9rences,&#8230; &nbsp;<\/p>\n\n\n\n<p style=\"line-height:1.4\">Le Domaine est situ\u00e9 aux portes de la Sologne, au c\u0153ur des ch\u00e2teaux du Val de Loire : Troussay, Cheverny, Chambord, Blois et Chenonceau.<\/p>\n\n\n\n<p style=\"line-height:1.4\">Notre salle est \u00e9co-construite : toit v\u00e9g\u00e9talis\u00e9, parquet, structure bois en arc de lune, tr\u00e8s grande baie vitr\u00e9e donnant sur les vignes et la terrasse.<\/p>\n\n\n\n<div class=\"wp-block-image\"><figure class=\"aligncenter size-large is-resized\"><img loading=\"lazy\" src=\"http:\/\/domainelaportedoree.com\/wp-content\/uploads\/2021\/11\/IMG_34201-1024x768.jpg\" alt=\"\" class=\"wp-image-7139\" width=\"379\" height=\"284\" srcset=\"https:\/\/domainelaportedoree.com\/wp-content\/uploads\/2021\/11\/IMG_34201-1024x768.jpg 1024w, https:\/\/domainelaportedoree.com\/wp-content\/uploads\/2021\/11\/IMG_34201-300x225.jpg 300w, https:\/\/domainelaportedoree.com\/wp-content\/uploads\/2021\/11\/IMG_34201-768x576.jpg 768w, https:\/\/domainelaportedoree.com\/wp-content\/uploads\/2021\/11\/IMG_34201.jpg 1280w\" sizes=\"(max-width: 379px) 100vw, 379px\" \/><\/figure><\/div>\n\n\n\n<p style=\"line-height:1.4\">Les espaces mis \u00e0 disposition sont tr\u00e8s lumineux et tr\u00e8s spacieux, vous offrant le meilleur confort pour vos \u00e9v\u00e8nements.<\/p>\n\n\n\n<div class=\"wp-block-columns\">\n<div class=\"wp-block-column\">\n<p><\/p>\n\n\n\n<p><\/p>\n\n\n\n<h4>Grande salle de r\u00e9ception de 300 m2.<\/h4>\n<\/div>\n\n\n\n<div class=\"wp-block-column\">\n<figure class=\"wp-block-image size-large\"><img loading=\"lazy\" width=\"1024\" height=\"735\" src=\"http:\/\/domainelaportedoree.com\/wp-content\/uploads\/2021\/02\/Debouts-1024x735.jpg\" alt=\"\" class=\"wp-image-6766\" srcset=\"https:\/\/domainelaportedoree.com\/wp-content\/uploads\/2021\/02\/Debouts-1024x735.jpg 1024w, https:\/\/domainelaportedoree.com\/wp-content\/uploads\/2021\/02\/Debouts-300x215.jpg 300w, https:\/\/domainelaportedoree.com\/wp-content\/uploads\/2021\/02\/Debouts-768x551.jpg 768w, https:\/\/domainelaportedoree.com\/wp-content\/uploads\/2021\/02\/Debouts-1536x1102.jpg 1536w, https:\/\/domainelaportedoree.com\/wp-content\/uploads\/2021\/02\/Debouts-2048x1470.jpg 2048w\" sizes=\"(max-width: 767px) 89vw, (max-width: 1000px) 54vw, (max-width: 1071px) 543px, 580px\" \/><\/figure>\n<\/div>\n<\/div>\n\n\n\n<figure class=\"wp-block-image size-large\"><img loading=\"lazy\" width=\"972\" height=\"155\" src=\"https:\/\/domainelaportedoree.com\/wp-content\/uploads\/2024\/02\/Capacites-salle-V2.jpg\" alt=\"\" class=\"wp-image-7594\" srcset=\"https:\/\/domainelaportedoree.com\/wp-content\/uploads\/2024\/02\/Capacites-salle-V2.jpg 972w, https:\/\/domainelaportedoree.com\/wp-content\/uploads\/2024\/02\/Capacites-salle-V2-300x48.jpg 300w, https:\/\/domainelaportedoree.com\/wp-content\/uploads\/2024\/02\/Capacites-salle-V2-768x122.jpg 768w\" sizes=\"(max-width: 767px) 89vw, (max-width: 1000px) 54vw, (max-width: 1071px) 543px, 580px\" \/><\/figure>\n\n\n\n<p style=\"line-height:1.4\"><strong>Deux salles ind\u00e9pendantes \u00e0 l&#8217;\u00e9tage de 30 m2 et 40 m2<\/strong>, pour y installer des groupes de travail pendant vos s\u00e9minaires. Elles peuvent aussi se transformer en salles de jeux ou dortoirs pour les enfants, durant vos f\u00eates.<\/p>\n\n\n\n<p style=\"line-height:1.2\"><strong>Grande terrasse sur les vignes<\/strong>, id\u00e9ale pour cocktails, vins d&#8217;honneur, c\u00e9r\u00e9monies,&#8230;<\/p>\n\n\n\n<div class=\"wp-block-image\"><figure class=\"aligncenter size-large is-resized\"><img loading=\"lazy\" src=\"http:\/\/domainelaportedoree.com\/wp-content\/uploads\/2021\/11\/ceremonie-laique-3-1024x768.jpg\" alt=\"\" class=\"wp-image-7112\" width=\"440\" height=\"329\" srcset=\"https:\/\/domainelaportedoree.com\/wp-content\/uploads\/2021\/11\/ceremonie-laique-3-1024x768.jpg 1024w, https:\/\/domainelaportedoree.com\/wp-content\/uploads\/2021\/11\/ceremonie-laique-3-300x225.jpg 300w, https:\/\/domainelaportedoree.com\/wp-content\/uploads\/2021\/11\/ceremonie-laique-3-768x576.jpg 768w, https:\/\/domainelaportedoree.com\/wp-content\/uploads\/2021\/11\/ceremonie-laique-3-1536x1152.jpg 1536w, https:\/\/domainelaportedoree.com\/wp-content\/uploads\/2021\/11\/ceremonie-laique-3-2048x1536.jpg 2048w\" sizes=\"(max-width: 440px) 100vw, 440px\" \/><\/figure><\/div>\n\n\n\n<p style=\"line-height:1.2\"><strong>Espace traiteur<\/strong>, avec acc\u00e8s s\u00e9par\u00e9, \u00e9quip\u00e9 d&#8217;une grande chambre froide. <\/p>\n\n\n\n<p><\/p>\n\n\n\n<p><\/p>\n\n\n\n<p style=\"line-height:1.2\"><strong>Deux h\u00e9bergements insolites<\/strong> dans les vignes, de 4 et 3 couchages, enti\u00e8rement \u00e9quip\u00e9s.<\/p>\n\n\n\n<div class=\"wp-block-columns\">\n<div class=\"wp-block-column\">\n<figure class=\"wp-block-image size-large is-resized\"><img loading=\"lazy\" src=\"http:\/\/domainelaportedoree.com\/wp-content\/uploads\/2021\/11\/Sens-Terre-autonme-2-1024x683.jpg\" alt=\"\" class=\"wp-image-7121\" width=\"334\" height=\"222\" srcset=\"https:\/\/domainelaportedoree.com\/wp-content\/uploads\/2021\/11\/Sens-Terre-autonme-2-1024x683.jpg 1024w, https:\/\/domainelaportedoree.com\/wp-content\/uploads\/2021\/11\/Sens-Terre-autonme-2-300x200.jpg 300w, https:\/\/domainelaportedoree.com\/wp-content\/uploads\/2021\/11\/Sens-Terre-autonme-2-768x512.jpg 768w, https:\/\/domainelaportedoree.com\/wp-content\/uploads\/2021\/11\/Sens-Terre-autonme-2-1536x1024.jpg 1536w, https:\/\/domainelaportedoree.com\/wp-content\/uploads\/2021\/11\/Sens-Terre-autonme-2.jpg 1905w\" sizes=\"(max-width: 334px) 100vw, 334px\" \/><\/figure>\n<\/div>\n\n\n\n<div class=\"wp-block-column\">\n<figure class=\"wp-block-image size-large is-resized\"><img loading=\"lazy\" src=\"http:\/\/domainelaportedoree.com\/wp-content\/uploads\/2021\/02\/Coup-de-foudre-V2-1024x566.jpg\" alt=\"\" class=\"wp-image-6631\" width=\"410\" height=\"226\" srcset=\"https:\/\/domainelaportedoree.com\/wp-content\/uploads\/2021\/02\/Coup-de-foudre-V2-1024x566.jpg 1024w, https:\/\/domainelaportedoree.com\/wp-content\/uploads\/2021\/02\/Coup-de-foudre-V2-300x166.jpg 300w, https:\/\/domainelaportedoree.com\/wp-content\/uploads\/2021\/02\/Coup-de-foudre-V2-768x424.jpg 768w, https:\/\/domainelaportedoree.com\/wp-content\/uploads\/2021\/02\/Coup-de-foudre-V2-1536x849.jpg 1536w, https:\/\/domainelaportedoree.com\/wp-content\/uploads\/2021\/02\/Coup-de-foudre-V2-2048x1132.jpg 2048w\" sizes=\"(max-width: 410px) 100vw, 410px\" \/><\/figure>\n<\/div>\n<\/div>\n\n\n\n<p style=\"line-height:0\"><span class=\"has-inline-color has-white-color\">kuiouio<\/span><\/p>\n\n\n\n<p style=\"line-height:1.4\"><\/p>\n\n\n\n<p style=\"line-height:1.4\">N&#8217;h\u00e9sitez pas \u00e0 nous appeler, nous serons \u00e0 vos c\u00f4t\u00e9s tout au long de la pr\u00e9paration et du d\u00e9roulement de votre \u00e9v\u00e8nement.<\/p>\n\n\n\n<div class=\"wp-block-columns\">\n<div class=\"wp-block-column\">\n<figure class=\"wp-block-image size-large is-resized\"><img loading=\"lazy\" src=\"http:\/\/domainelaportedoree.com\/wp-content\/uploads\/2021\/07\/Terrasse-3-1024x768.jpg\" alt=\"\" class=\"wp-image-7004\" width=\"301\" height=\"226\" srcset=\"https:\/\/domainelaportedoree.com\/wp-content\/uploads\/2021\/07\/Terrasse-3-1024x768.jpg 1024w, https:\/\/domainelaportedoree.com\/wp-content\/uploads\/2021\/07\/Terrasse-3-300x225.jpg 300w, https:\/\/domainelaportedoree.com\/wp-content\/uploads\/2021\/07\/Terrasse-3-768x576.jpg 768w, https:\/\/domainelaportedoree.com\/wp-content\/uploads\/2021\/07\/Terrasse-3-1536x1152.jpg 1536w, https:\/\/domainelaportedoree.com\/wp-content\/uploads\/2021\/07\/Terrasse-3-2048x1536.jpg 2048w\" sizes=\"(max-width: 301px) 100vw, 301px\" \/><\/figure>\n<\/div>\n\n\n\n<div class=\"wp-block-column\">\n<figure class=\"wp-block-image size-large is-resized\"><img loading=\"lazy\" src=\"http:\/\/domainelaportedoree.com\/wp-content\/uploads\/2021\/09\/Domaine-Porte-Doree-4-1024x768.jpg\" alt=\"\" class=\"wp-image-7036\" width=\"352\" height=\"263\" srcset=\"https:\/\/domainelaportedoree.com\/wp-content\/uploads\/2021\/09\/Domaine-Porte-Doree-4-1024x768.jpg 1024w, https:\/\/domainelaportedoree.com\/wp-content\/uploads\/2021\/09\/Domaine-Porte-Doree-4-300x225.jpg 300w, https:\/\/domainelaportedoree.com\/wp-content\/uploads\/2021\/09\/Domaine-Porte-Doree-4-768x576.jpg 768w, https:\/\/domainelaportedoree.com\/wp-content\/uploads\/2021\/09\/Domaine-Porte-Doree-4-1536x1152.jpg 1536w, https:\/\/domainelaportedoree.com\/wp-content\/uploads\/2021\/09\/Domaine-Porte-Doree-4-2048x1536.jpg 2048w\" sizes=\"(max-width: 352px) 100vw, 352px\" \/><\/figure>\n<\/div>\n\n\n\n<div class=\"wp-block-column\">\n<figure class=\"wp-block-image size-large is-resized\"><img loading=\"lazy\" src=\"http:\/\/domainelaportedoree.com\/wp-content\/uploads\/2021\/09\/Domaine-Allee-1-1024x768.jpg\" alt=\"\" class=\"wp-image-7034\" width=\"302\" height=\"227\" srcset=\"https:\/\/domainelaportedoree.com\/wp-content\/uploads\/2021\/09\/Domaine-Allee-1-1024x768.jpg 1024w, https:\/\/domainelaportedoree.com\/wp-content\/uploads\/2021\/09\/Domaine-Allee-1-300x225.jpg 300w, https:\/\/domainelaportedoree.com\/wp-content\/uploads\/2021\/09\/Domaine-Allee-1-768x576.jpg 768w, https:\/\/domainelaportedoree.com\/wp-content\/uploads\/2021\/09\/Domaine-Allee-1-1536x1152.jpg 1536w, https:\/\/domainelaportedoree.com\/wp-content\/uploads\/2021\/09\/Domaine-Allee-1-2048x1536.jpg 2048w\" sizes=\"(max-width: 302px) 100vw, 302px\" \/><\/figure>\n<\/div>\n<\/div>\n\n\n\n<div class=\"wp-block-group\"><div class=\"wp-block-group__inner-container\"><\/div><\/div>\n\n\n\n<p><span class=\"has-inline-color has-white-color\">y(&#8216;y(-&#8216;y<\/span><\/p>\n\n\n\n<div class=\"wp-block-columns\">\n<div class=\"wp-block-column\"><\/div>\n\n\n\n<div class=\"wp-block-column\"><\/div>\n<\/div>\n\n\n\n<p><span class=\"has-inline-color has-white-color\">-(y-(-y(-<\/span><\/p>\n\n\n\n<p><span class=\"has-inline-color has-white-color\">-\u00e8-(\u00e8-(-(\u00e8-<\/span><\/p>\n\n\n\n<p><span class=\"has-inline-color has-white-color\">i\u00e8-i<\/span><\/p>\n\n\n\n<p><span class=\"has-inline-color has-white-color\">_\u00e8(i<\/span><\/p>\n\n\n\n<p><span class=\"has-inline-color has-white-color\">op^^<\/span><\/p>\n\n\n\n<p><\/p>\n","protected":false},"excerpt":{"rendered":"<p>Dans un \u00e9crin de verdure, au milieu de nos vignes en agriculture biologique, le Domaine La Porte Dor\u00e9e est un bel espace pour organiser vos \u00e9v\u00e9nements : r\u00e9ceptions, mariages, s\u00e9minaires, conf\u00e9rences,&#8230; &nbsp; Le Domaine est situ\u00e9 aux portes de la Sologne, au c\u0153ur des ch\u00e2teaux du Val de Loire : Troussay, Cheverny, Chambord, Blois et &hellip; <\/p>\n<p class=\"link-more\"><a href=\"https:\/\/domainelaportedoree.com\/index.php\/salle-de-reception\/\" class=\"more-link\">Continue reading<span class=\"screen-reader-text\"> &#8220;SALLE DE RECEPTION&#8221;<\/span><\/a><\/p>\n","protected":false},"author":1,"featured_media":0,"parent":0,"menu_order":0,"comment_status":"closed","ping_status":"open","template":"","meta":[],"_links":{"self":[{"href":"https:\/\/domainelaportedoree.com\/index.php\/wp-json\/wp\/v2\/pages\/5350"}],"collection":[{"href":"https:\/\/domainelaportedoree.com\/index.php\/wp-json\/wp\/v2\/pages"}],"about":[{"href":"https:\/\/domainelaportedoree.com\/index.php\/wp-json\/wp\/v2\/types\/page"}],"author":[{"embeddable":true,"href":"https:\/\/domainelaportedoree.com\/index.php\/wp-json\/wp\/v2\/users\/1"}],"replies":[{"embeddable":true,"href":"https:\/\/domainelaportedoree.com\/index.php\/wp-json\/wp\/v2\/comments?post=5350"}],"version-history":[{"count":138,"href":"https:\/\/domainelaportedoree.com\/index.php\/wp-json\/wp\/v2\/pages\/5350\/revisions"}],"predecessor-version":[{"id":7720,"href":"https:\/\/domainelaportedoree.com\/index.php\/wp-json\/wp\/v2\/pages\/5350\/revisions\/7720"}],"wp:attachment":[{"href":"https:\/\/domainelaportedoree.com\/index.php\/wp-json\/wp\/v2\/media?parent=5350"}],"curies":[{"name":"wp","href":"https:\/\/api.w.org\/{rel}","templated":true}]}}